{"id":10886,"date":"2015-10-17T17:37:24","date_gmt":"2015-10-17T15:37:24","guid":{"rendered":"http:\/\/www.primogenito.eu\/es\/?page_id=10886"},"modified":"2016-10-17T12:56:17","modified_gmt":"2016-10-17T10:56:17","slug":"productos","status":"publish","type":"page","link":"http:\/\/www.primogenito.eu\/es\/productos\/","title":{"rendered":"Productos"},"content":{"rendered":"<div class=\"fusion-fullwidth fullwidth-box fusion-builder-row-1 hundred-percent-fullwidth non-hundred-percent-height-scrolling\" style=\"background-color: #000000;background-position: center center;background-repeat: no-repeat;padding-top:0px;padding-right:0px;padding-bottom:0px;padding-left:0px;margin-bottom: 0px;margin-top: 0px;border-width: 0px 0px 0px 0px;border-color:#3e3e3e;border-style:solid;\" ><div class=\"fusion-builder-row fusion-row\"><div class=\"fusion-layout-column fusion_builder_column fusion-builder-column-0 fusion_builder_column_1_4 1_4 fusion-one-fourth fusion-column-first\" style=\"width:22%; margin-right: 4%;margin-top:0px;margin-bottom:20px;\"><div class=\"fusion-column-wrapper fusion-flex-column-wrapper-legacy\" style=\"background-position:left top;background-repeat:no-repeat;-webkit-background-size:cover;-moz-background-size:cover;-o-background-size:cover;background-size:cover;padding: 0px 0px 0px 0px;\"><div class=\"fusion-text fusion-text-1\"><h3 style=\"text-align: center;\">Primog\u00e9nito Blanco<\/h3>\n<\/div><div class=\"imageframe-align-center\"><span class=\" fusion-imageframe imageframe-none imageframe-1 hover-type-none\"><img width=\"100\" height=\"448\" title=\"silber\" src=\"http:\/\/www.primogenito.eu\/wp-content\/uploads\/2014\/10\/Untitled-42-e1413150443798.jpg\" alt class=\"img-responsive wp-image-10457\"\/><\/span><\/div><div class=\"fusion-clearfix\"><\/div><\/div><\/div><div class=\"fusion-layout-column fusion_builder_column fusion-builder-column-1 fusion_builder_column_1_4 1_4 fusion-one-fourth\" style=\"width:22%; margin-right: 4%;margin-top:0px;margin-bottom:20px;\"><div class=\"fusion-column-wrapper fusion-flex-column-wrapper-legacy\" style=\"background-position:left top;background-repeat:no-repeat;-webkit-background-size:cover;-moz-background-size:cover;-o-background-size:cover;background-size:cover;padding: 0px 0px 0px 0px;\"><div class=\"fusion-text fusion-text-2\"><p>Alcohol: 38%\u00a0Contenido: 0,7l<\/p>\n<p>Lugar de origen: Los Altos de Jalisco<\/p>\n<p><a title=\"Bottleworld - Primogenito\" href=\"http:\/\/www.bottleworld.de\/tequilla\/primogenito\" target=\"_blank\"><img class=\"alignnone wp-image-10648 size-full\" src=\"http:\/\/www.primogenito.eu\/wp-content\/uploads\/2014\/07\/logo.png\" alt=\"logo\" width=\"275\" height=\"61\" \/><\/a><\/p>\n<p>Sabor: ciruela, menta y mandarina<\/p>\n<p>En el oeste de la regi\u00f3n de Los Altos de Jalisco, una de las mejores zonas productoras de Tequila, se crea nuestra Primog\u00e9nito Blanco. Se distingue por su sabor \u00fanico, suave pero deslumbrante! Nuestro Tequila est\u00e1 hecho de 100% Agave Azul Weber. Estamos orgullosos de que nuestro tequila sea producido sin productos qu\u00edmicos y sin aditivos adicionales, puesto que esta es \u00a0la \u00fanica manera en que podemos lograr un sabor \u00fanico, que est\u00e1 dominada por una delicada nota de mandarina, ciruela y menta.<\/p>\n<\/div><div class=\"fusion-clearfix\"><\/div><\/div><\/div><div class=\"fusion-layout-column fusion_builder_column fusion-builder-column-2 fusion_builder_column_1_4 1_4 fusion-one-fourth\" style=\"width:22%; margin-right: 4%;margin-top:0px;margin-bottom:20px;\"><div class=\"fusion-column-wrapper fusion-flex-column-wrapper-legacy\" style=\"background-position:left top;background-repeat:no-repeat;-webkit-background-size:cover;-moz-background-size:cover;-o-background-size:cover;background-size:cover;padding: 0px 0px 0px 0px;\"><div class=\"fusion-text fusion-text-3\"><h3 style=\"text-align: center;\">Primog\u00e9nito Reposado<\/h3>\n<\/div><div class=\"imageframe-align-center\"><span class=\" fusion-imageframe imageframe-none imageframe-2 hover-type-none\"><img width=\"100\" height=\"448\" title=\"Untitled-41\" src=\"http:\/\/www.primogenito.eu\/wp-content\/uploads\/2014\/10\/Untitled-41-e1413150605972.jpg\" alt class=\"img-responsive wp-image-10456\"\/><\/span><\/div><div class=\"fusion-clearfix\"><\/div><\/div><\/div><div class=\"fusion-layout-column fusion_builder_column fusion-builder-column-3 fusion_builder_column_1_4 1_4 fusion-one-fourth fusion-column-last\" style=\"width:22%;margin-top:0px;margin-bottom:20px;\"><div class=\"fusion-column-wrapper fusion-flex-column-wrapper-legacy\" style=\"background-position:left top;background-repeat:no-repeat;-webkit-background-size:cover;-moz-background-size:cover;-o-background-size:cover;background-size:cover;padding: 0px 0px 0px 0px;\"><div class=\"fusion-text fusion-text-4\"><p>Alcohol: 38% Contenido: 0,7l<\/p>\n<p>Lugar de origen: Los Altos de Jalisco<\/p>\n<p><a title=\"Bottleworld - Primogenito\" href=\"http:\/\/www.bottleworld.de\/tequilla\/primogenito\" target=\"_blank\"><img class=\"alignnone wp-image-10648 size-full\" src=\"http:\/\/www.primogenito.eu\/wp-content\/uploads\/2014\/07\/logo.png\" alt=\"logo\" width=\"275\" height=\"61\" \/><\/a><\/p>\n<p>Sabor: ciruela, cocinado de agave y la vainilla<\/p>\n<p>En el oeste de la regi\u00f3n de Los Altos de Jalisco, una de las mejores zonas productoras de Tequila, se crea nuestro Primog\u00e9nito Reposado. Se distingue por sus sabores \u00fanicos, ligeros y suaves! Nuestro Tequila est\u00e1 hecha de 100% Agave Azul Weber. Contrariamente a la Primog\u00e9nito Blanco, es el Reposado es almacenado por 10 meses en barricas de roble franc\u00e9s y americano. Al hacer un Tequila Reposado, uno en realidad s\u00f3lo debe a\u00f1ejarlo 2 meses, pero nosotros le damos a nuestro tequila el tiempo que necesita para desarrollar sus sabores suaves y aromas de vainilla, agave cocido y ciruela.<br \/>\nEstamos orgullosos de que nuestro tequila se produce sin productos qu\u00edmicos y sin aditivos adicionales, puesto que esta es la \u00fanica manera en que podemos lograr un sabor \u00fanico y arom\u00e1tico.<\/p>\n<\/div><div class=\"fusion-clearfix\"><\/div><\/div><\/div><\/div><style type=\"text\/css\">.fusion-fullwidth.fusion-builder-row-1 { overflow:visible; }<\/style><\/div>\n","protected":false},"excerpt":{"rendered":"","protected":false},"author":1,"featured_media":0,"parent":0,"menu_order":0,"comment_status":"closed","ping_status":"closed","template":"","meta":[],"yoast_head":"<!-- This site is optimized with the Yoast SEO plugin v19.8 - https:\/\/yoast.com\/wordpress\/plugins\/seo\/ -->\n<title>Productos - primogenito.eu<\/title>\n<meta name=\"robots\" content=\"index, follow, max-snippet:-1, max-image-preview:large, max-video-preview:-1\" \/>\n<link rel=\"canonical\" href=\"http:\/\/www.primogenito.eu\/es\/productos\/\" \/>\n<meta property=\"og:locale\" content=\"es_ES\" \/>\n<meta property=\"og:type\" content=\"article\" \/>\n<meta property=\"og:title\" content=\"Productos - primogenito.eu\" \/>\n<meta property=\"og:url\" content=\"http:\/\/www.primogenito.eu\/es\/productos\/\" \/>\n<meta property=\"og:site_name\" content=\"primogenito.eu\" \/>\n<meta property=\"article:modified_time\" content=\"2016-10-17T10:56:17+00:00\" \/>\n<meta property=\"og:image\" content=\"http:\/\/www.primogenito.eu\/wp-content\/uploads\/2014\/10\/Untitled-42-e1413150443798.jpg\" \/>\n<meta name=\"twitter:label1\" content=\"Est. reading time\" \/>\n\t<meta name=\"twitter:data1\" content=\"3 minutes\" \/>\n<script type=\"application\/ld+json\" class=\"yoast-schema-graph\">{\"@context\":\"https:\/\/schema.org\",\"@graph\":[{\"@type\":\"WebPage\",\"@id\":\"http:\/\/www.primogenito.eu\/es\/productos\/\",\"url\":\"http:\/\/www.primogenito.eu\/es\/productos\/\",\"name\":\"Productos - primogenito.eu\",\"isPartOf\":{\"@id\":\"http:\/\/www.primogenito.eu\/#website\"},\"datePublished\":\"2015-10-17T15:37:24+00:00\",\"dateModified\":\"2016-10-17T10:56:17+00:00\",\"breadcrumb\":{\"@id\":\"http:\/\/www.primogenito.eu\/es\/productos\/#breadcrumb\"},\"inLanguage\":\"es-ES\",\"potentialAction\":[{\"@type\":\"ReadAction\",\"target\":[\"http:\/\/www.primogenito.eu\/es\/productos\/\"]}]},{\"@type\":\"BreadcrumbList\",\"@id\":\"http:\/\/www.primogenito.eu\/es\/productos\/#breadcrumb\",\"itemListElement\":[{\"@type\":\"ListItem\",\"position\":1,\"name\":\"Home\",\"item\":\"http:\/\/www.primogenito.eu\/es\/\"},{\"@type\":\"ListItem\",\"position\":2,\"name\":\"Productos\"}]},{\"@type\":\"WebSite\",\"@id\":\"http:\/\/www.primogenito.eu\/#website\",\"url\":\"http:\/\/www.primogenito.eu\/\",\"name\":\"primogenito.eu\",\"description\":\"\",\"potentialAction\":[{\"@type\":\"SearchAction\",\"target\":{\"@type\":\"EntryPoint\",\"urlTemplate\":\"http:\/\/www.primogenito.eu\/?s={search_term_string}\"},\"query-input\":\"required name=search_term_string\"}],\"inLanguage\":\"es-ES\"}]}<\/script>\n<!-- \/ Yoast SEO plugin. -->","yoast_head_json":{"title":"Productos - primogenito.eu","robots":{"index":"index","follow":"follow","max-snippet":"max-snippet:-1","max-image-preview":"max-image-preview:large","max-video-preview":"max-video-preview:-1"},"canonical":"http:\/\/www.primogenito.eu\/es\/productos\/","og_locale":"es_ES","og_type":"article","og_title":"Productos - primogenito.eu","og_url":"http:\/\/www.primogenito.eu\/es\/productos\/","og_site_name":"primogenito.eu","article_modified_time":"2016-10-17T10:56:17+00:00","og_image":[{"url":"http:\/\/www.primogenito.eu\/wp-content\/uploads\/2014\/10\/Untitled-42-e1413150443798.jpg"}],"twitter_misc":{"Est. reading time":"3 minutes"},"schema":{"@context":"https:\/\/schema.org","@graph":[{"@type":"WebPage","@id":"http:\/\/www.primogenito.eu\/es\/productos\/","url":"http:\/\/www.primogenito.eu\/es\/productos\/","name":"Productos - primogenito.eu","isPartOf":{"@id":"http:\/\/www.primogenito.eu\/#website"},"datePublished":"2015-10-17T15:37:24+00:00","dateModified":"2016-10-17T10:56:17+00:00","breadcrumb":{"@id":"http:\/\/www.primogenito.eu\/es\/productos\/#breadcrumb"},"inLanguage":"es-ES","potentialAction":[{"@type":"ReadAction","target":["http:\/\/www.primogenito.eu\/es\/productos\/"]}]},{"@type":"BreadcrumbList","@id":"http:\/\/www.primogenito.eu\/es\/productos\/#breadcrumb","itemListElement":[{"@type":"ListItem","position":1,"name":"Home","item":"http:\/\/www.primogenito.eu\/es\/"},{"@type":"ListItem","position":2,"name":"Productos"}]},{"@type":"WebSite","@id":"http:\/\/www.primogenito.eu\/#website","url":"http:\/\/www.primogenito.eu\/","name":"primogenito.eu","description":"","potentialAction":[{"@type":"SearchAction","target":{"@type":"EntryPoint","urlTemplate":"http:\/\/www.primogenito.eu\/?s={search_term_string}"},"query-input":"required name=search_term_string"}],"inLanguage":"es-ES"}]}},"_links":{"self":[{"href":"http:\/\/www.primogenito.eu\/es\/wp-json\/wp\/v2\/pages\/10886"}],"collection":[{"href":"http:\/\/www.primogenito.eu\/es\/wp-json\/wp\/v2\/pages"}],"about":[{"href":"http:\/\/www.primogenito.eu\/es\/wp-json\/wp\/v2\/types\/page"}],"author":[{"embeddable":true,"href":"http:\/\/www.primogenito.eu\/es\/wp-json\/wp\/v2\/users\/1"}],"replies":[{"embeddable":true,"href":"http:\/\/www.primogenito.eu\/es\/wp-json\/wp\/v2\/comments?post=10886"}],"version-history":[{"count":3,"href":"http:\/\/www.primogenito.eu\/es\/wp-json\/wp\/v2\/pages\/10886\/revisions"}],"predecessor-version":[{"id":10934,"href":"http:\/\/www.primogenito.eu\/es\/wp-json\/wp\/v2\/pages\/10886\/revisions\/10934"}],"wp:attachment":[{"href":"http:\/\/www.primogenito.eu\/es\/wp-json\/wp\/v2\/media?parent=10886"}],"curies":[{"name":"wp","href":"https:\/\/api.w.org\/{rel}","templated":true}]}}