{"id":10889,"date":"2015-10-17T17:39:01","date_gmt":"2015-10-17T15:39:01","guid":{"rendered":"http:\/\/www.primogenito.eu\/es\/?page_id=10889"},"modified":"2016-10-17T12:56:16","modified_gmt":"2016-10-17T10:56:16","slug":"quienes-somos","status":"publish","type":"page","link":"http:\/\/www.primogenito.eu\/es\/quienes-somos\/","title":{"rendered":"Qui\u00e9nes somos"},"content":{"rendered":"<div class=\"fusion-fullwidth fullwidth-box fusion-builder-row-1 hundred-percent-fullwidth non-hundred-percent-height-scrolling\" style=\"background-color: #000000;background-position: center center;background-repeat: no-repeat;padding-top:0px;padding-right:0px;padding-bottom:0px;padding-left:0px;margin-bottom: 0px;margin-top: 0px;border-width: 0px 0px 0px 0px;border-color:#3e3e3e;border-style:solid;\" ><div class=\"fusion-builder-row fusion-row\"><div class=\"fusion-layout-column fusion_builder_column fusion-builder-column-0 fusion_builder_column_1_2 1_2 fusion-one-half fusion-column-first\" style=\"width:48%; margin-right: 4%;margin-top:0px;margin-bottom:20px;\"><div class=\"fusion-column-wrapper fusion-flex-column-wrapper-legacy\" style=\"background-position:left top;background-repeat:no-repeat;-webkit-background-size:cover;-moz-background-size:cover;-o-background-size:cover;background-size:cover;padding: 0px 0px 0px 0px;\"><span class=\" fusion-imageframe imageframe-none imageframe-1 hover-type-none\" style=\"margin-left:25px;float:right;\"><img width=\"203\" height=\"324\" title=\"Untitled-13\" src=\"http:\/\/www.primogenito.eu\/wp-content\/uploads\/2014\/07\/Untitled-13.jpg\" alt class=\"img-responsive wp-image-10494\"\/><\/span><div class=\"fusion-clearfix\"><\/div><\/div><\/div><div class=\"fusion-layout-column fusion_builder_column fusion-builder-column-1 fusion_builder_column_1_2 1_2 fusion-one-half fusion-column-last\" style=\"width:48%;margin-top:0px;margin-bottom:20px;\"><div class=\"fusion-column-wrapper fusion-flex-column-wrapper-legacy\" style=\"background-position:left top;background-repeat:no-repeat;-webkit-background-size:cover;-moz-background-size:cover;-o-background-size:cover;background-size:cover;padding: 0px 0px 0px 0px;\"><div class=\"fusion-text fusion-text-1\"><p>El Primog\u00e9nito es un producto de la empresa EWCA Import.<\/p>\n<p>La historia del Primog\u00e9nito inici\u00f3 en el a\u00f1o 2012, con la idea de traer al mercado europeo un tequila premium 100% de agave que ser\u00eda capaz de convencer con la calidad y el sabor.<br \/>\nDespu\u00e9s de mucho tiempo de la concepci\u00f3n, la planificaci\u00f3n y el desarrollo\u00a0 nuestro&#8221; primog\u00e9nito&#8221; vio finalmente la luz en octubre 2013.<br \/>\nDesde 05.10.2014 nuestro Tequila est\u00e1 disponible en el mercado y la demanda es cada vez mayor.<\/p>\n<\/div><div class=\"fusion-clearfix\"><\/div><\/div><\/div><\/div><style type=\"text\/css\">.fusion-fullwidth.fusion-builder-row-1 { overflow:visible; }<\/style><\/div>\n","protected":false},"excerpt":{"rendered":"","protected":false},"author":1,"featured_media":0,"parent":0,"menu_order":0,"comment_status":"closed","ping_status":"closed","template":"","meta":[],"yoast_head":"<!-- This site is optimized with the Yoast SEO plugin v19.8 - https:\/\/yoast.com\/wordpress\/plugins\/seo\/ -->\n<title>Qui\u00e9nes somos - primogenito.eu<\/title>\n<meta name=\"robots\" content=\"index, follow, max-snippet:-1, max-image-preview:large, max-video-preview:-1\" \/>\n<link rel=\"canonical\" href=\"http:\/\/www.primogenito.eu\/es\/quienes-somos\/\" \/>\n<meta property=\"og:locale\" content=\"es_ES\" \/>\n<meta property=\"og:type\" content=\"article\" \/>\n<meta property=\"og:title\" content=\"Qui\u00e9nes somos - primogenito.eu\" \/>\n<meta property=\"og:url\" content=\"http:\/\/www.primogenito.eu\/es\/quienes-somos\/\" \/>\n<meta property=\"og:site_name\" content=\"primogenito.eu\" \/>\n<meta property=\"article:modified_time\" content=\"2016-10-17T10:56:16+00:00\" \/>\n<meta property=\"og:image\" content=\"http:\/\/www.primogenito.eu\/wp-content\/uploads\/2014\/07\/Untitled-13.jpg\" \/>\n<meta name=\"twitter:label1\" content=\"Est. reading time\" \/>\n\t<meta name=\"twitter:data1\" content=\"1 minute\" \/>\n<script type=\"application\/ld+json\" class=\"yoast-schema-graph\">{\"@context\":\"https:\/\/schema.org\",\"@graph\":[{\"@type\":\"WebPage\",\"@id\":\"http:\/\/www.primogenito.eu\/es\/quienes-somos\/\",\"url\":\"http:\/\/www.primogenito.eu\/es\/quienes-somos\/\",\"name\":\"Qui\u00e9nes somos - primogenito.eu\",\"isPartOf\":{\"@id\":\"http:\/\/www.primogenito.eu\/#website\"},\"datePublished\":\"2015-10-17T15:39:01+00:00\",\"dateModified\":\"2016-10-17T10:56:16+00:00\",\"breadcrumb\":{\"@id\":\"http:\/\/www.primogenito.eu\/es\/quienes-somos\/#breadcrumb\"},\"inLanguage\":\"es-ES\",\"potentialAction\":[{\"@type\":\"ReadAction\",\"target\":[\"http:\/\/www.primogenito.eu\/es\/quienes-somos\/\"]}]},{\"@type\":\"BreadcrumbList\",\"@id\":\"http:\/\/www.primogenito.eu\/es\/quienes-somos\/#breadcrumb\",\"itemListElement\":[{\"@type\":\"ListItem\",\"position\":1,\"name\":\"Home\",\"item\":\"http:\/\/www.primogenito.eu\/es\/\"},{\"@type\":\"ListItem\",\"position\":2,\"name\":\"Qui\u00e9nes somos\"}]},{\"@type\":\"WebSite\",\"@id\":\"http:\/\/www.primogenito.eu\/#website\",\"url\":\"http:\/\/www.primogenito.eu\/\",\"name\":\"primogenito.eu\",\"description\":\"\",\"potentialAction\":[{\"@type\":\"SearchAction\",\"target\":{\"@type\":\"EntryPoint\",\"urlTemplate\":\"http:\/\/www.primogenito.eu\/?s={search_term_string}\"},\"query-input\":\"required name=search_term_string\"}],\"inLanguage\":\"es-ES\"}]}<\/script>\n<!-- \/ Yoast SEO plugin. -->","yoast_head_json":{"title":"Qui\u00e9nes somos - primogenito.eu","robots":{"index":"index","follow":"follow","max-snippet":"max-snippet:-1","max-image-preview":"max-image-preview:large","max-video-preview":"max-video-preview:-1"},"canonical":"http:\/\/www.primogenito.eu\/es\/quienes-somos\/","og_locale":"es_ES","og_type":"article","og_title":"Qui\u00e9nes somos - primogenito.eu","og_url":"http:\/\/www.primogenito.eu\/es\/quienes-somos\/","og_site_name":"primogenito.eu","article_modified_time":"2016-10-17T10:56:16+00:00","og_image":[{"url":"http:\/\/www.primogenito.eu\/wp-content\/uploads\/2014\/07\/Untitled-13.jpg"}],"twitter_misc":{"Est. reading time":"1 minute"},"schema":{"@context":"https:\/\/schema.org","@graph":[{"@type":"WebPage","@id":"http:\/\/www.primogenito.eu\/es\/quienes-somos\/","url":"http:\/\/www.primogenito.eu\/es\/quienes-somos\/","name":"Qui\u00e9nes somos - primogenito.eu","isPartOf":{"@id":"http:\/\/www.primogenito.eu\/#website"},"datePublished":"2015-10-17T15:39:01+00:00","dateModified":"2016-10-17T10:56:16+00:00","breadcrumb":{"@id":"http:\/\/www.primogenito.eu\/es\/quienes-somos\/#breadcrumb"},"inLanguage":"es-ES","potentialAction":[{"@type":"ReadAction","target":["http:\/\/www.primogenito.eu\/es\/quienes-somos\/"]}]},{"@type":"BreadcrumbList","@id":"http:\/\/www.primogenito.eu\/es\/quienes-somos\/#breadcrumb","itemListElement":[{"@type":"ListItem","position":1,"name":"Home","item":"http:\/\/www.primogenito.eu\/es\/"},{"@type":"ListItem","position":2,"name":"Qui\u00e9nes somos"}]},{"@type":"WebSite","@id":"http:\/\/www.primogenito.eu\/#website","url":"http:\/\/www.primogenito.eu\/","name":"primogenito.eu","description":"","potentialAction":[{"@type":"SearchAction","target":{"@type":"EntryPoint","urlTemplate":"http:\/\/www.primogenito.eu\/?s={search_term_string}"},"query-input":"required name=search_term_string"}],"inLanguage":"es-ES"}]}},"_links":{"self":[{"href":"http:\/\/www.primogenito.eu\/es\/wp-json\/wp\/v2\/pages\/10889"}],"collection":[{"href":"http:\/\/www.primogenito.eu\/es\/wp-json\/wp\/v2\/pages"}],"about":[{"href":"http:\/\/www.primogenito.eu\/es\/wp-json\/wp\/v2\/types\/page"}],"author":[{"embeddable":true,"href":"http:\/\/www.primogenito.eu\/es\/wp-json\/wp\/v2\/users\/1"}],"replies":[{"embeddable":true,"href":"http:\/\/www.primogenito.eu\/es\/wp-json\/wp\/v2\/comments?post=10889"}],"version-history":[{"count":2,"href":"http:\/\/www.primogenito.eu\/es\/wp-json\/wp\/v2\/pages\/10889\/revisions"}],"predecessor-version":[{"id":10933,"href":"http:\/\/www.primogenito.eu\/es\/wp-json\/wp\/v2\/pages\/10889\/revisions\/10933"}],"wp:attachment":[{"href":"http:\/\/www.primogenito.eu\/es\/wp-json\/wp\/v2\/media?parent=10889"}],"curies":[{"name":"wp","href":"https:\/\/api.w.org\/{rel}","templated":true}]}}