{"id":10893,"date":"2015-10-17T17:40:57","date_gmt":"2015-10-17T15:40:57","guid":{"rendered":"http:\/\/www.primogenito.eu\/es\/?page_id=10893"},"modified":"2016-10-17T12:56:14","modified_gmt":"2016-10-17T10:56:14","slug":"100-agave","status":"publish","type":"page","link":"http:\/\/www.primogenito.eu\/es\/100-agave\/","title":{"rendered":"100% Agave"},"content":{"rendered":"<div class=\"fusion-fullwidth fullwidth-box fusion-builder-row-1 hundred-percent-fullwidth non-hundred-percent-height-scrolling\" style=\"background-color: #000000;background-position: center center;background-repeat: no-repeat;padding-top:0px;padding-right:0px;padding-bottom:0px;padding-left:0px;margin-bottom: 0px;margin-top: 0px;border-width: 0px 0px 0px 0px;border-color:#3e3e3e;border-style:solid;\" ><div class=\"fusion-builder-row fusion-row\"><div class=\"fusion-layout-column fusion_builder_column fusion-builder-column-0 fusion_builder_column_1_2 1_2 fusion-one-half fusion-column-first\" style=\"width:48%; margin-right: 4%;margin-top:0px;margin-bottom:20px;\"><div class=\"fusion-column-wrapper fusion-flex-column-wrapper-legacy\" style=\"background-position:left top;background-repeat:no-repeat;-webkit-background-size:cover;-moz-background-size:cover;-o-background-size:cover;background-size:cover;padding: 0px 0px 0px 0px;\"><span class=\" fusion-imageframe imageframe-none imageframe-1 hover-type-none\" style=\"margin-left:25px;float:right;\"><img width=\"850\" height=\"566\" title=\"Fotolia_768547_S 2\" src=\"http:\/\/www.primogenito.eu\/wp-content\/uploads\/2012\/07\/Fotolia_768547_S-2.jpg\" alt class=\"img-responsive wp-image-10467\"\/><\/span><div class=\"fusion-clearfix\"><\/div><\/div><\/div><div class=\"fusion-layout-column fusion_builder_column fusion-builder-column-1 fusion_builder_column_1_2 1_2 fusion-one-half fusion-column-last\" style=\"width:48%;margin-top:0px;margin-bottom:20px;\"><div class=\"fusion-column-wrapper fusion-flex-column-wrapper-legacy\" style=\"background-position:left top;background-repeat:no-repeat;-webkit-background-size:cover;-moz-background-size:cover;-o-background-size:cover;background-size:cover;padding: 0px 0px 0px 0px;\"><div class=\"fusion-text fusion-text-1\"><p>100% de agave tequila tiene un sabor especial e inolvidable, a diferencia de otros licores destilados. La producci\u00f3n de un tequila real s\u00f3lo est\u00e1 permitido en tres regiones de M\u00e9xico. El agave que se utiliza para la producci\u00f3n del \u00a0Tequila &#8220;real&#8221;\u00a0 tiene que presentar cierta calidad!<br \/>\nPor desgracia, hay muy pocos Tequilas\u00a0 100% de Agave en Europa. En el mercado europeo es abundante el llamado Tequila mezclado. La designaci\u00f3n mezclado significa que el tequila tiene por lo menos \u00a051% de agave. Sin embargo, los ingredientes restantes pueden variar y se puede utilizar otros componentes tales como \u00a0por ejemplo, la sacarosa o ingredientes similares para as\u00ed obtener el m\u00e1s alcohol y disfrazar el mal sabor.<br \/>\nUn buen tequila, es como un buen vino,en \u00a0cuanto m\u00e1s tiempo se a\u00f1eja, m\u00e1s desarrolla plenamente su sabor. Es por ello que nuestro Primog\u00e9nito Reposado se almacena durante 10 meses en barricas de roble franc\u00e9s y americano! Durante este tiempo no se a\u00f1aden productos qu\u00edmicos al proceso.<\/p>\n<\/div><div class=\"fusion-clearfix\"><\/div><\/div><\/div><\/div><style type=\"text\/css\">.fusion-fullwidth.fusion-builder-row-1 { overflow:visible; }<\/style><\/div>\n","protected":false},"excerpt":{"rendered":"","protected":false},"author":1,"featured_media":0,"parent":0,"menu_order":0,"comment_status":"closed","ping_status":"closed","template":"","meta":[],"yoast_head":"<!-- This site is optimized with the Yoast SEO plugin v19.8 - https:\/\/yoast.com\/wordpress\/plugins\/seo\/ -->\n<title>100% Agave - primogenito.eu<\/title>\n<meta name=\"robots\" content=\"index, follow, max-snippet:-1, max-image-preview:large, max-video-preview:-1\" \/>\n<link rel=\"canonical\" href=\"http:\/\/www.primogenito.eu\/es\/100-agave\/\" \/>\n<meta property=\"og:locale\" content=\"es_ES\" \/>\n<meta property=\"og:type\" content=\"article\" \/>\n<meta property=\"og:title\" content=\"100% Agave - primogenito.eu\" \/>\n<meta property=\"og:url\" content=\"http:\/\/www.primogenito.eu\/es\/100-agave\/\" \/>\n<meta property=\"og:site_name\" content=\"primogenito.eu\" \/>\n<meta property=\"article:modified_time\" content=\"2016-10-17T10:56:14+00:00\" \/>\n<meta property=\"og:image\" content=\"http:\/\/www.primogenito.eu\/wp-content\/uploads\/2012\/07\/Fotolia_768547_S-2.jpg\" \/>\n<meta name=\"twitter:label1\" content=\"Est. reading time\" \/>\n\t<meta name=\"twitter:data1\" content=\"2 minutes\" \/>\n<script type=\"application\/ld+json\" class=\"yoast-schema-graph\">{\"@context\":\"https:\/\/schema.org\",\"@graph\":[{\"@type\":\"WebPage\",\"@id\":\"http:\/\/www.primogenito.eu\/es\/100-agave\/\",\"url\":\"http:\/\/www.primogenito.eu\/es\/100-agave\/\",\"name\":\"100% Agave - primogenito.eu\",\"isPartOf\":{\"@id\":\"http:\/\/www.primogenito.eu\/#website\"},\"datePublished\":\"2015-10-17T15:40:57+00:00\",\"dateModified\":\"2016-10-17T10:56:14+00:00\",\"breadcrumb\":{\"@id\":\"http:\/\/www.primogenito.eu\/es\/100-agave\/#breadcrumb\"},\"inLanguage\":\"es-ES\",\"potentialAction\":[{\"@type\":\"ReadAction\",\"target\":[\"http:\/\/www.primogenito.eu\/es\/100-agave\/\"]}]},{\"@type\":\"BreadcrumbList\",\"@id\":\"http:\/\/www.primogenito.eu\/es\/100-agave\/#breadcrumb\",\"itemListElement\":[{\"@type\":\"ListItem\",\"position\":1,\"name\":\"Home\",\"item\":\"http:\/\/www.primogenito.eu\/es\/\"},{\"@type\":\"ListItem\",\"position\":2,\"name\":\"100% Agave\"}]},{\"@type\":\"WebSite\",\"@id\":\"http:\/\/www.primogenito.eu\/#website\",\"url\":\"http:\/\/www.primogenito.eu\/\",\"name\":\"primogenito.eu\",\"description\":\"\",\"potentialAction\":[{\"@type\":\"SearchAction\",\"target\":{\"@type\":\"EntryPoint\",\"urlTemplate\":\"http:\/\/www.primogenito.eu\/?s={search_term_string}\"},\"query-input\":\"required name=search_term_string\"}],\"inLanguage\":\"es-ES\"}]}<\/script>\n<!-- \/ Yoast SEO plugin. -->","yoast_head_json":{"title":"100% Agave - primogenito.eu","robots":{"index":"index","follow":"follow","max-snippet":"max-snippet:-1","max-image-preview":"max-image-preview:large","max-video-preview":"max-video-preview:-1"},"canonical":"http:\/\/www.primogenito.eu\/es\/100-agave\/","og_locale":"es_ES","og_type":"article","og_title":"100% Agave - primogenito.eu","og_url":"http:\/\/www.primogenito.eu\/es\/100-agave\/","og_site_name":"primogenito.eu","article_modified_time":"2016-10-17T10:56:14+00:00","og_image":[{"url":"http:\/\/www.primogenito.eu\/wp-content\/uploads\/2012\/07\/Fotolia_768547_S-2.jpg"}],"twitter_misc":{"Est. reading time":"2 minutes"},"schema":{"@context":"https:\/\/schema.org","@graph":[{"@type":"WebPage","@id":"http:\/\/www.primogenito.eu\/es\/100-agave\/","url":"http:\/\/www.primogenito.eu\/es\/100-agave\/","name":"100% Agave - primogenito.eu","isPartOf":{"@id":"http:\/\/www.primogenito.eu\/#website"},"datePublished":"2015-10-17T15:40:57+00:00","dateModified":"2016-10-17T10:56:14+00:00","breadcrumb":{"@id":"http:\/\/www.primogenito.eu\/es\/100-agave\/#breadcrumb"},"inLanguage":"es-ES","potentialAction":[{"@type":"ReadAction","target":["http:\/\/www.primogenito.eu\/es\/100-agave\/"]}]},{"@type":"BreadcrumbList","@id":"http:\/\/www.primogenito.eu\/es\/100-agave\/#breadcrumb","itemListElement":[{"@type":"ListItem","position":1,"name":"Home","item":"http:\/\/www.primogenito.eu\/es\/"},{"@type":"ListItem","position":2,"name":"100% Agave"}]},{"@type":"WebSite","@id":"http:\/\/www.primogenito.eu\/#website","url":"http:\/\/www.primogenito.eu\/","name":"primogenito.eu","description":"","potentialAction":[{"@type":"SearchAction","target":{"@type":"EntryPoint","urlTemplate":"http:\/\/www.primogenito.eu\/?s={search_term_string}"},"query-input":"required name=search_term_string"}],"inLanguage":"es-ES"}]}},"_links":{"self":[{"href":"http:\/\/www.primogenito.eu\/es\/wp-json\/wp\/v2\/pages\/10893"}],"collection":[{"href":"http:\/\/www.primogenito.eu\/es\/wp-json\/wp\/v2\/pages"}],"about":[{"href":"http:\/\/www.primogenito.eu\/es\/wp-json\/wp\/v2\/types\/page"}],"author":[{"embeddable":true,"href":"http:\/\/www.primogenito.eu\/es\/wp-json\/wp\/v2\/users\/1"}],"replies":[{"embeddable":true,"href":"http:\/\/www.primogenito.eu\/es\/wp-json\/wp\/v2\/comments?post=10893"}],"version-history":[{"count":2,"href":"http:\/\/www.primogenito.eu\/es\/wp-json\/wp\/v2\/pages\/10893\/revisions"}],"predecessor-version":[{"id":10931,"href":"http:\/\/www.primogenito.eu\/es\/wp-json\/wp\/v2\/pages\/10893\/revisions\/10931"}],"wp:attachment":[{"href":"http:\/\/www.primogenito.eu\/es\/wp-json\/wp\/v2\/media?parent=10893"}],"curies":[{"name":"wp","href":"https:\/\/api.w.org\/{rel}","templated":true}]}}