{"id":10895,"date":"2015-10-17T17:47:16","date_gmt":"2015-10-17T15:47:16","guid":{"rendered":"http:\/\/www.primogenito.eu\/es\/?page_id=10895"},"modified":"2016-10-17T12:56:14","modified_gmt":"2016-10-17T10:56:14","slug":"que-es-el-tequila","status":"publish","type":"page","link":"http:\/\/www.primogenito.eu\/es\/que-es-el-tequila\/","title":{"rendered":"Qu\u00e9 es el tequila"},"content":{"rendered":"<div class=\"fusion-fullwidth fullwidth-box fusion-builder-row-1 hundred-percent-fullwidth non-hundred-percent-height-scrolling\" style=\"background-color: #000000;background-position: center center;background-repeat: no-repeat;padding-top:0px;padding-right:0px;padding-bottom:0px;padding-left:0px;margin-bottom: 0px;margin-top: 0px;border-width: 0px 0px 0px 0px;border-color:#3e3e3e;border-style:solid;\" ><div class=\"fusion-builder-row fusion-row\"><div class=\"fusion-layout-column fusion_builder_column fusion-builder-column-0 fusion_builder_column_1_1 1_1 fusion-one-full fusion-column-first fusion-column-last\" style=\"margin-top:0px;margin-bottom:20px;\"><div class=\"fusion-column-wrapper fusion-flex-column-wrapper-legacy\" style=\"background-position:left top;background-repeat:no-repeat;-webkit-background-size:cover;-moz-background-size:cover;-o-background-size:cover;background-size:cover;padding: 0px 0px 0px 0px;\"><div class=\"fusion-text fusion-text-1\"><h3 data-fontsize=\"16\" data-lineheight=\"24\">El tequila es un tipo especial de Mezcal.<\/h3>\n<p data-fontsize=\"16\" data-lineheight=\"24\">Tequila es el m\u00e1s famoso mezcal y se obtiene a partir de los corazones de agave azul en el entorno de la localidad de Tequila en el estado mexicano de Jalisco.<\/p>\n<\/div><div class=\"fusion-clearfix\"><\/div><\/div><\/div><div class=\"fusion-layout-column fusion_builder_column fusion-builder-column-1 fusion_builder_column_1_2 1_2 fusion-one-half fusion-column-first\" style=\"width:48%; margin-right: 4%;margin-top:0px;margin-bottom:20px;\"><div class=\"fusion-column-wrapper fusion-flex-column-wrapper-legacy\" style=\"background-position:left top;background-repeat:no-repeat;-webkit-background-size:cover;-moz-background-size:cover;-o-background-size:cover;background-size:cover;padding: 0px 0px 0px 0px;\"><span class=\" fusion-imageframe imageframe-none imageframe-1 hover-type-none\" style=\"margin-left:25px;float:right;\"><img width=\"850\" height=\"566\" title=\"Fotolia_65588796_S(2)\" src=\"http:\/\/www.primogenito.eu\/wp-content\/uploads\/2014\/10\/Fotolia_65588796_S2.jpg\" alt class=\"img-responsive wp-image-10606\"\/><\/span><div class=\"fusion-clearfix\"><\/div><\/div><\/div><div class=\"fusion-layout-column fusion_builder_column fusion-builder-column-2 fusion_builder_column_1_2 1_2 fusion-one-half fusion-column-last\" style=\"width:48%;margin-top:0px;margin-bottom:20px;\"><div class=\"fusion-column-wrapper fusion-flex-column-wrapper-legacy\" style=\"background-position:left top;background-repeat:no-repeat;-webkit-background-size:cover;-moz-background-size:cover;-o-background-size:cover;background-size:cover;padding: 0px 0px 0px 0px;\"><div class=\"fusion-text fusion-text-2\"><p>El Consejo Regulador del Tequila AC\u00a0 tiene dos categor\u00edas de Tequila, estas son:<\/p>\n<p>Tequila, el cual es aquel producto en el que los mostos son susceptibles de ser enriquecidos y mezclados conjuntamente previo a la fermentaci\u00f3n con otros az\u00facares hasta en una proporci\u00f3n no mayor de 49% de az\u00facares reductores totales expresados en unidades de masa. Este enriquecimiento m\u00e1ximo de hasta 49% de az\u00facares reductores totales expresados en unidades de masa, no se puede realizar con az\u00facares provenientesde cualquier especie de agave. Solo se podr\u00e1 incrementar el 51% de az\u00facares reductores totales con az\u00facares extra\u00eddos de Agave <em>tequilana Weber variedad azul<\/em> cultivado en el territorio comprendido en la Declaraci\u00f3n.<\/p>\n<p>100% de agave,\u00a0 Es el producto, que no es susceptible en la fermentaci\u00f3n de ser enriquecido con otros az\u00facares distintos a los obtenidos del agave <em>tequilana Weber variedad azul<\/em> cultivado en el territorio comprendido en la Declaraci\u00f3n. Para que este producto sea considerado como \u201cTequila 100% de agave\u201d debe ser embotellado en la planta de envasado que controle el propio Productor Autorizado, misma que debe estar ubicada dentro del territorio comprendido en la Declaraci\u00f3n.<\/p>\n<p>Este producto debe ser denominado \u00fanicamente a trav\u00e9s de alguna de las siguientes leyendas: \u201c100% de agave\u201d, \u201c100% puro de agave\u201d, \u201c100% agave\u201d, \u201c100% puro agave\u201d.<\/p>\n<p>Tequila se clasifica en funci\u00f3n de su madurez en cinco grupos. Para la exportaci\u00f3n se utilizan denominaciones en ingl\u00e9s:<\/p>\n<\/div><div class=\"fusion-clearfix\"><\/div><\/div><\/div><div class=\"fusion-layout-column fusion_builder_column fusion-builder-column-3 fusion_builder_column_1_1 1_1 fusion-one-full fusion-column-first fusion-column-last\" style=\"margin-top:0px;margin-bottom:20px;\"><div class=\"fusion-column-wrapper fusion-flex-column-wrapper-legacy\" style=\"background-position:left top;background-repeat:no-repeat;-webkit-background-size:cover;-moz-background-size:cover;-o-background-size:cover;background-size:cover;padding: 0px 0px 0px 0px;\"><div class=\"fusion-text fusion-text-3\"><p>De acuerdo a las caracter\u00edsticas adquiridas en procesos posteriores a la destilaci\u00f3n, el Tequila se clasifica en:<\/p>\n<\/div><div class=\"fusion-clearfix\"><\/div><\/div><\/div><div class=\"fusion-layout-column fusion_builder_column fusion-builder-column-4 fusion_builder_column_1_2 1_2 fusion-one-half fusion-column-first\" style=\"width:48%; margin-right: 4%;margin-top:0px;margin-bottom:20px;\"><div class=\"fusion-column-wrapper fusion-flex-column-wrapper-legacy\" style=\"background-position:left top;background-repeat:no-repeat;-webkit-background-size:cover;-moz-background-size:cover;-o-background-size:cover;background-size:cover;padding: 0px 0px 0px 0px;\"><div class=\"fusion-text fusion-text-4\"><ul>\n<li><strong>Tequila blanco<\/strong>.- Producto cuyo contenido alcoh\u00f3lico comercial debe, en su caso, ajustarse con agua de diluci\u00f3n.<\/li>\n<li><strong>Tequila joven u oro<\/strong>.- Producto susceptible de ser abocado. Su contenido alcoh\u00f3lico comercial debe, en su caso, ajustarse con agua de diluci\u00f3n. El resultado de las mezclas de Tequila blanco con Tequilas reposados y\/o a\u00f1ejos y\/o extra a\u00f1ejo, se considera como Tequila joven u oro.Se entiende por Abocado, el procedimiento para suavizar el sabor del Tequila, mediante la adici\u00f3n de uno o m\u00e1s de los siguientes ingredientes: Color caramelo, Extracto de roble o encino natural, glicerina y jarabe a base de az\u00facar<\/li>\n<li><strong>Tequila reposado<\/strong>.- Producto susceptible de ser abocado, sujeto a un proceso de maduraci\u00f3n de por lo menos dos meses en recipientes de madera de roble o encino. Su contenido alcoh\u00f3lico comercial debe, en su caso, ajustarse con agua de diluci\u00f3n.Se entiende por Maduraci\u00f3n del Tequila a la transformaci\u00f3n lenta del producto que le permite adquirir caracter\u00edsticas sensoriales adicionales, obtenidas por procesos fisicoqu\u00edmicos que en forma natural tienen lugar durante su permanencia en recipientes de madera de roble o encino.El Tequila reposado debe madurarse en recipientes de madera de roble o encino por lo menos dos meses.El resultado de las mezclas de Tequila reposado con Tequilas a\u00f1ejos o extra a\u00f1ejos, se considera como Tequila reposado.<\/li>\n<li><strong>Tequila a\u00f1ejo<\/strong>.- Producto susceptible de ser abocado, sujeto a un proceso de maduraci\u00f3n de por lo menos un a\u00f1o en recipientes de madera de roble o encino, cuya capacidad m\u00e1xima sea de 600 litros, su contenido alcoh\u00f3lico comercial debe, en su caso, ajustarse con agua de diluci\u00f3n.<br \/>\nEl resultado de las mezclas de Tequila a\u00f1ejo con Tequila extra a\u00f1ejo se considera como Tequila a\u00f1ejo.Para el Tequila a\u00f1ejo el proceso de maduraci\u00f3n debe durar, por lo menos, un a\u00f1o en recipientes de madera de roble o encino, cuya capacidad m\u00e1xima sea de 600 litros.<\/li>\n<\/ul>\n<p>El resultado de las mezclas de Tequila a\u00f1ejo con Tequila extra a\u00f1ejo se considera como Tequila a\u00f1ejo.<\/p>\n<ul>\n<li><strong>Tequila extra a\u00f1ejo<\/strong><br \/>\nProducto susceptible de ser abocado, sujeto a un proceso de maduraci\u00f3n de por lo menos tres a\u00f1os, sin especificar el tiempo de maduraci\u00f3n en la etiqueta, en contacto directo con la madera de recipientes de roble o encino, cuya capacidad m\u00e1xima sea de 600 litros, su contenido alcoh\u00f3lico comercial debe, en su caso, ajustarse con agua de diluci\u00f3n.<\/li>\n<\/ul>\n<p>&nbsp;<\/p>\n<\/div><div class=\"fusion-clearfix\"><\/div><\/div><\/div><div class=\"fusion-layout-column fusion_builder_column fusion-builder-column-5 fusion_builder_column_1_2 1_2 fusion-one-half fusion-column-last\" style=\"width:48%;margin-top:0px;margin-bottom:20px;\"><div class=\"fusion-column-wrapper fusion-flex-column-wrapper-legacy\" style=\"background-position:left top;background-repeat:no-repeat;-webkit-background-size:cover;-moz-background-size:cover;-o-background-size:cover;background-size:cover;padding: 0px 0px 0px 0px;\"><span class=\" fusion-imageframe imageframe-none imageframe-2 hover-type-none\" style=\"margin-right:25px;float:left;\"><img width=\"850\" height=\"566\" title=\"Fotolia_51229682_S 2\" src=\"http:\/\/www.primogenito.eu\/wp-content\/uploads\/2012\/07\/Fotolia_51229682_S-2.jpg\" alt class=\"img-responsive wp-image-10469\"\/><\/span><div class=\"fusion-clearfix\"><\/div><\/div><\/div><div class=\"fusion-layout-column fusion_builder_column fusion-builder-column-6 fusion_builder_column_1_1 1_1 fusion-one-full fusion-column-first fusion-column-last fusion-column-no-min-height\" style=\"margin-top:0px;margin-bottom:0px;\"><div class=\"fusion-column-wrapper fusion-flex-column-wrapper-legacy\" style=\"background-position:left top;background-repeat:no-repeat;-webkit-background-size:cover;-moz-background-size:cover;-o-background-size:cover;background-size:cover;padding: 0px 0px 0px 0px;\"><div class=\"fusion-text fusion-text-5\"><p>El origen del agave para la producci\u00f3n del tequila se distingue de acuerdo a sus \u00e1reas de cultivo en tierras altas y las tierras bajas.<\/p>\n<p>El cultivo de agave, fermentaci\u00f3n y destilaci\u00f3n tienen un impacto importante en la calidad del tequila resultante. El sabor final tambi\u00e9n est\u00e1 fuertemente influenciada por la maduraci\u00f3n.<\/p>\n<\/div><div class=\"fusion-clearfix\"><\/div><\/div><\/div><\/div><style type=\"text\/css\">.fusion-fullwidth.fusion-builder-row-1 { overflow:visible; }<\/style><\/div>\n","protected":false},"excerpt":{"rendered":"","protected":false},"author":1,"featured_media":0,"parent":0,"menu_order":0,"comment_status":"closed","ping_status":"closed","template":"","meta":[],"yoast_head":"<!-- This site is optimized with the Yoast SEO plugin v19.8 - https:\/\/yoast.com\/wordpress\/plugins\/seo\/ -->\n<title>Qu\u00e9 es el tequila - primogenito.eu<\/title>\n<meta name=\"robots\" content=\"index, follow, max-snippet:-1, max-image-preview:large, max-video-preview:-1\" \/>\n<link rel=\"canonical\" href=\"http:\/\/www.primogenito.eu\/es\/que-es-el-tequila\/\" \/>\n<meta property=\"og:locale\" content=\"es_ES\" \/>\n<meta property=\"og:type\" content=\"article\" \/>\n<meta property=\"og:title\" content=\"Qu\u00e9 es el tequila - primogenito.eu\" \/>\n<meta property=\"og:url\" content=\"http:\/\/www.primogenito.eu\/es\/que-es-el-tequila\/\" \/>\n<meta property=\"og:site_name\" content=\"primogenito.eu\" \/>\n<meta property=\"article:modified_time\" content=\"2016-10-17T10:56:14+00:00\" \/>\n<meta property=\"og:image\" content=\"http:\/\/www.primogenito.eu\/wp-content\/uploads\/2014\/10\/Fotolia_65588796_S2.jpg\" \/>\n<meta name=\"twitter:label1\" content=\"Est. reading time\" \/>\n\t<meta name=\"twitter:data1\" content=\"6 minutes\" \/>\n<script type=\"application\/ld+json\" class=\"yoast-schema-graph\">{\"@context\":\"https:\/\/schema.org\",\"@graph\":[{\"@type\":\"WebPage\",\"@id\":\"http:\/\/www.primogenito.eu\/es\/que-es-el-tequila\/\",\"url\":\"http:\/\/www.primogenito.eu\/es\/que-es-el-tequila\/\",\"name\":\"Qu\u00e9 es el tequila - primogenito.eu\",\"isPartOf\":{\"@id\":\"http:\/\/www.primogenito.eu\/#website\"},\"datePublished\":\"2015-10-17T15:47:16+00:00\",\"dateModified\":\"2016-10-17T10:56:14+00:00\",\"breadcrumb\":{\"@id\":\"http:\/\/www.primogenito.eu\/es\/que-es-el-tequila\/#breadcrumb\"},\"inLanguage\":\"es-ES\",\"potentialAction\":[{\"@type\":\"ReadAction\",\"target\":[\"http:\/\/www.primogenito.eu\/es\/que-es-el-tequila\/\"]}]},{\"@type\":\"BreadcrumbList\",\"@id\":\"http:\/\/www.primogenito.eu\/es\/que-es-el-tequila\/#breadcrumb\",\"itemListElement\":[{\"@type\":\"ListItem\",\"position\":1,\"name\":\"Home\",\"item\":\"http:\/\/www.primogenito.eu\/es\/\"},{\"@type\":\"ListItem\",\"position\":2,\"name\":\"Qu\u00e9 es el tequila\"}]},{\"@type\":\"WebSite\",\"@id\":\"http:\/\/www.primogenito.eu\/#website\",\"url\":\"http:\/\/www.primogenito.eu\/\",\"name\":\"primogenito.eu\",\"description\":\"\",\"potentialAction\":[{\"@type\":\"SearchAction\",\"target\":{\"@type\":\"EntryPoint\",\"urlTemplate\":\"http:\/\/www.primogenito.eu\/?s={search_term_string}\"},\"query-input\":\"required name=search_term_string\"}],\"inLanguage\":\"es-ES\"}]}<\/script>\n<!-- \/ Yoast SEO plugin. -->","yoast_head_json":{"title":"Qu\u00e9 es el tequila - primogenito.eu","robots":{"index":"index","follow":"follow","max-snippet":"max-snippet:-1","max-image-preview":"max-image-preview:large","max-video-preview":"max-video-preview:-1"},"canonical":"http:\/\/www.primogenito.eu\/es\/que-es-el-tequila\/","og_locale":"es_ES","og_type":"article","og_title":"Qu\u00e9 es el tequila - primogenito.eu","og_url":"http:\/\/www.primogenito.eu\/es\/que-es-el-tequila\/","og_site_name":"primogenito.eu","article_modified_time":"2016-10-17T10:56:14+00:00","og_image":[{"url":"http:\/\/www.primogenito.eu\/wp-content\/uploads\/2014\/10\/Fotolia_65588796_S2.jpg"}],"twitter_misc":{"Est. reading time":"6 minutes"},"schema":{"@context":"https:\/\/schema.org","@graph":[{"@type":"WebPage","@id":"http:\/\/www.primogenito.eu\/es\/que-es-el-tequila\/","url":"http:\/\/www.primogenito.eu\/es\/que-es-el-tequila\/","name":"Qu\u00e9 es el tequila - primogenito.eu","isPartOf":{"@id":"http:\/\/www.primogenito.eu\/#website"},"datePublished":"2015-10-17T15:47:16+00:00","dateModified":"2016-10-17T10:56:14+00:00","breadcrumb":{"@id":"http:\/\/www.primogenito.eu\/es\/que-es-el-tequila\/#breadcrumb"},"inLanguage":"es-ES","potentialAction":[{"@type":"ReadAction","target":["http:\/\/www.primogenito.eu\/es\/que-es-el-tequila\/"]}]},{"@type":"BreadcrumbList","@id":"http:\/\/www.primogenito.eu\/es\/que-es-el-tequila\/#breadcrumb","itemListElement":[{"@type":"ListItem","position":1,"name":"Home","item":"http:\/\/www.primogenito.eu\/es\/"},{"@type":"ListItem","position":2,"name":"Qu\u00e9 es el tequila"}]},{"@type":"WebSite","@id":"http:\/\/www.primogenito.eu\/#website","url":"http:\/\/www.primogenito.eu\/","name":"primogenito.eu","description":"","potentialAction":[{"@type":"SearchAction","target":{"@type":"EntryPoint","urlTemplate":"http:\/\/www.primogenito.eu\/?s={search_term_string}"},"query-input":"required name=search_term_string"}],"inLanguage":"es-ES"}]}},"_links":{"self":[{"href":"http:\/\/www.primogenito.eu\/es\/wp-json\/wp\/v2\/pages\/10895"}],"collection":[{"href":"http:\/\/www.primogenito.eu\/es\/wp-json\/wp\/v2\/pages"}],"about":[{"href":"http:\/\/www.primogenito.eu\/es\/wp-json\/wp\/v2\/types\/page"}],"author":[{"embeddable":true,"href":"http:\/\/www.primogenito.eu\/es\/wp-json\/wp\/v2\/users\/1"}],"replies":[{"embeddable":true,"href":"http:\/\/www.primogenito.eu\/es\/wp-json\/wp\/v2\/comments?post=10895"}],"version-history":[{"count":3,"href":"http:\/\/www.primogenito.eu\/es\/wp-json\/wp\/v2\/pages\/10895\/revisions"}],"predecessor-version":[{"id":10930,"href":"http:\/\/www.primogenito.eu\/es\/wp-json\/wp\/v2\/pages\/10895\/revisions\/10930"}],"wp:attachment":[{"href":"http:\/\/www.primogenito.eu\/es\/wp-json\/wp\/v2\/media?parent=10895"}],"curies":[{"name":"wp","href":"https:\/\/api.w.org\/{rel}","templated":true}]}}