{"id":10897,"date":"2015-10-17T17:50:00","date_gmt":"2015-10-17T15:50:00","guid":{"rendered":"http:\/\/www.primogenito.eu\/es\/?page_id=10897"},"modified":"2016-10-17T12:56:13","modified_gmt":"2016-10-17T10:56:13","slug":"premio-al-sabor-superior","status":"publish","type":"page","link":"http:\/\/www.primogenito.eu\/es\/premio-al-sabor-superior\/","title":{"rendered":"Premio al Sabor Superior"},"content":{"rendered":"<div class=\"fusion-fullwidth fullwidth-box fusion-builder-row-1 hundred-percent-fullwidth non-hundred-percent-height-scrolling\" style=\"background-color: #000000;background-position: center center;background-repeat: no-repeat;padding-top:0px;padding-right:0px;padding-bottom:0px;padding-left:0px;margin-bottom: 0px;margin-top: 0px;border-width: 0px 0px 0px 0px;border-color:#3e3e3e;border-style:solid;\" ><div class=\"fusion-builder-row fusion-row\"><div class=\"fusion-layout-column fusion_builder_column fusion-builder-column-0 fusion_builder_column_1_1 1_1 fusion-one-full fusion-column-first fusion-column-last\" style=\"margin-top:0px;margin-bottom:20px;\"><div class=\"fusion-column-wrapper fusion-flex-column-wrapper-legacy\" style=\"background-position:left top;background-repeat:no-repeat;-webkit-background-size:cover;-moz-background-size:cover;-o-background-size:cover;background-size:cover;padding: 0px 0px 0px 0px;\"><div class=\"fusion-text fusion-text-1\"><h3>El International Taste &amp; Quality Institute &#8211; iTQi<\/h3>\n<p>El International Taste &amp; Quality Institute -iTQi-, con sede en Bruselas, es la organizaci\u00f3n l\u00edder dedicada a catar y promover productos alimenticios de sabor superior.<\/p>\n<\/div><div class=\"fusion-clearfix\"><\/div><\/div><\/div><div class=\"fusion-layout-column fusion_builder_column fusion-builder-column-1 fusion_builder_column_1_2 1_2 fusion-one-half fusion-column-first\" style=\"width:48%; margin-right: 4%;margin-top:0px;margin-bottom:20px;\"><div class=\"fusion-column-wrapper fusion-flex-column-wrapper-legacy\" style=\"background-position:left top;background-repeat:no-repeat;-webkit-background-size:cover;-moz-background-size:cover;-o-background-size:cover;background-size:cover;padding: 0px 0px 0px 0px;\"><span class=\" fusion-imageframe imageframe-none imageframe-1 hover-type-none\" style=\"margin-left:25px;float:right;\"><img width=\"850\" height=\"566\" title=\"Fotolia_65588796_S(2)\" src=\"http:\/\/www.primogenito.eu\/wp-content\/uploads\/2014\/10\/Fotolia_65588796_S2.jpg\" alt class=\"img-responsive wp-image-10606\"\/><\/span><div class=\"fusion-clearfix\"><\/div><\/div><\/div><div class=\"fusion-layout-column fusion_builder_column fusion-builder-column-2 fusion_builder_column_1_2 1_2 fusion-one-half fusion-column-last\" style=\"width:48%;margin-top:0px;margin-bottom:20px;\"><div class=\"fusion-column-wrapper fusion-flex-column-wrapper-legacy\" style=\"background-position:left top;background-repeat:no-repeat;-webkit-background-size:cover;-moz-background-size:cover;-o-background-size:cover;background-size:cover;padding: 0px 0px 0px 0px;\"><div class=\"fusion-text fusion-text-2\"><p>Para componer su jurado, el iTQi trabaja en asociaci\u00f3n con las 15 instituciones culinarias m\u00e1s prestigiosas de Europa tales como los\u00a0Ma\u00eetres Cuisiniers de France, la Academy of Culinary Arts, la Hellenic Chefs&#8217; Association, la Acad\u00e9mie Culinaire de France, el Verband der K\u00f6che Deutschlands, la Federaci\u00f3n de Asociaciones de Cocineros de Espa\u00f1a, la Federerazione dei Cuochi Italiana, \u00c5rets Kock of Sweden, Euro-Toques, la Gilde Van Nedrlandse Meesterkoks, la Associa\u00e7\u00e3o de Cozinheiros Profissionais de Portugal, la Craft Guild of Chefs, la Turkish Cooks Association, la World Master Chefs Society (WMCS) y la Association de la Sommellerie Internationale (ASI).<\/p>\n<\/div><div class=\"fusion-clearfix\"><\/div><\/div><\/div><div class=\"fusion-layout-column fusion_builder_column fusion-builder-column-3 fusion_builder_column_1_1 1_1 fusion-one-full fusion-column-first fusion-column-last\" style=\"margin-top:0px;margin-bottom:20px;\"><div class=\"fusion-column-wrapper fusion-flex-column-wrapper-legacy\" style=\"background-position:left top;background-repeat:no-repeat;-webkit-background-size:cover;-moz-background-size:cover;-o-background-size:cover;background-size:cover;padding: 0px 0px 0px 0px;\"><div class=\"fusion-text fusion-text-3\"><p>El Superior Taste Award (Premio al Sabor Superior)\u00a0otorgado por el iTQi es un reconocimiento \u00fanico utilizado por muchos productores y distribuidores como una poderosa herramienta de marketing.<\/p>\n<p><span style=\"font-size: 10.0pt; font-family: 'Arial',sans-serif;\">El award ofrece:<\/span><\/p>\n<p>\u2022 Un argumento convincente e independiente para negociaciones comerciales (B2B)<br \/>\n\u2022 Un sello de calidad que diferencia claramente sus productos de la competencia (B2C)<br \/>\n\u2022 Resultados detallados de las degustaciones con comentarios y sugerencias realizados por los jueces.<br \/>\n\u2022 Cobertura masiva internacional en los medios de los Awards<\/p>\n<p>Cientos de peque\u00f1as y grandes compa\u00f1\u00edas de m\u00e1s de 120 pa\u00edses ya se benefician de los Superior Taste Award.<\/p>\n<\/div><div class=\"fusion-clearfix\"><\/div><\/div><\/div><\/div><style type=\"text\/css\">.fusion-fullwidth.fusion-builder-row-1 { overflow:visible; }<\/style><\/div>\n","protected":false},"excerpt":{"rendered":"","protected":false},"author":1,"featured_media":0,"parent":0,"menu_order":0,"comment_status":"closed","ping_status":"closed","template":"","meta":[],"yoast_head":"<!-- This site is optimized with the Yoast SEO plugin v19.8 - https:\/\/yoast.com\/wordpress\/plugins\/seo\/ -->\n<title>Premio al Sabor Superior - primogenito.eu<\/title>\n<meta name=\"robots\" content=\"index, follow, max-snippet:-1, max-image-preview:large, max-video-preview:-1\" \/>\n<link rel=\"canonical\" href=\"http:\/\/www.primogenito.eu\/es\/premio-al-sabor-superior\/\" \/>\n<meta property=\"og:locale\" content=\"es_ES\" \/>\n<meta property=\"og:type\" content=\"article\" \/>\n<meta property=\"og:title\" content=\"Premio al Sabor Superior - primogenito.eu\" \/>\n<meta property=\"og:url\" content=\"http:\/\/www.primogenito.eu\/es\/premio-al-sabor-superior\/\" \/>\n<meta property=\"og:site_name\" content=\"primogenito.eu\" \/>\n<meta property=\"article:modified_time\" content=\"2016-10-17T10:56:13+00:00\" \/>\n<meta property=\"og:image\" content=\"http:\/\/www.primogenito.eu\/wp-content\/uploads\/2014\/10\/Fotolia_65588796_S2.jpg\" \/>\n<meta name=\"twitter:label1\" content=\"Est. reading time\" \/>\n\t<meta name=\"twitter:data1\" content=\"3 minutes\" \/>\n<script type=\"application\/ld+json\" class=\"yoast-schema-graph\">{\"@context\":\"https:\/\/schema.org\",\"@graph\":[{\"@type\":\"WebPage\",\"@id\":\"http:\/\/www.primogenito.eu\/es\/premio-al-sabor-superior\/\",\"url\":\"http:\/\/www.primogenito.eu\/es\/premio-al-sabor-superior\/\",\"name\":\"Premio al Sabor Superior - primogenito.eu\",\"isPartOf\":{\"@id\":\"http:\/\/www.primogenito.eu\/#website\"},\"datePublished\":\"2015-10-17T15:50:00+00:00\",\"dateModified\":\"2016-10-17T10:56:13+00:00\",\"breadcrumb\":{\"@id\":\"http:\/\/www.primogenito.eu\/es\/premio-al-sabor-superior\/#breadcrumb\"},\"inLanguage\":\"es-ES\",\"potentialAction\":[{\"@type\":\"ReadAction\",\"target\":[\"http:\/\/www.primogenito.eu\/es\/premio-al-sabor-superior\/\"]}]},{\"@type\":\"BreadcrumbList\",\"@id\":\"http:\/\/www.primogenito.eu\/es\/premio-al-sabor-superior\/#breadcrumb\",\"itemListElement\":[{\"@type\":\"ListItem\",\"position\":1,\"name\":\"Home\",\"item\":\"http:\/\/www.primogenito.eu\/es\/\"},{\"@type\":\"ListItem\",\"position\":2,\"name\":\"Premio al Sabor Superior\"}]},{\"@type\":\"WebSite\",\"@id\":\"http:\/\/www.primogenito.eu\/#website\",\"url\":\"http:\/\/www.primogenito.eu\/\",\"name\":\"primogenito.eu\",\"description\":\"\",\"potentialAction\":[{\"@type\":\"SearchAction\",\"target\":{\"@type\":\"EntryPoint\",\"urlTemplate\":\"http:\/\/www.primogenito.eu\/?s={search_term_string}\"},\"query-input\":\"required name=search_term_string\"}],\"inLanguage\":\"es-ES\"}]}<\/script>\n<!-- \/ Yoast SEO plugin. -->","yoast_head_json":{"title":"Premio al Sabor Superior - primogenito.eu","robots":{"index":"index","follow":"follow","max-snippet":"max-snippet:-1","max-image-preview":"max-image-preview:large","max-video-preview":"max-video-preview:-1"},"canonical":"http:\/\/www.primogenito.eu\/es\/premio-al-sabor-superior\/","og_locale":"es_ES","og_type":"article","og_title":"Premio al Sabor Superior - primogenito.eu","og_url":"http:\/\/www.primogenito.eu\/es\/premio-al-sabor-superior\/","og_site_name":"primogenito.eu","article_modified_time":"2016-10-17T10:56:13+00:00","og_image":[{"url":"http:\/\/www.primogenito.eu\/wp-content\/uploads\/2014\/10\/Fotolia_65588796_S2.jpg"}],"twitter_misc":{"Est. reading time":"3 minutes"},"schema":{"@context":"https:\/\/schema.org","@graph":[{"@type":"WebPage","@id":"http:\/\/www.primogenito.eu\/es\/premio-al-sabor-superior\/","url":"http:\/\/www.primogenito.eu\/es\/premio-al-sabor-superior\/","name":"Premio al Sabor Superior - primogenito.eu","isPartOf":{"@id":"http:\/\/www.primogenito.eu\/#website"},"datePublished":"2015-10-17T15:50:00+00:00","dateModified":"2016-10-17T10:56:13+00:00","breadcrumb":{"@id":"http:\/\/www.primogenito.eu\/es\/premio-al-sabor-superior\/#breadcrumb"},"inLanguage":"es-ES","potentialAction":[{"@type":"ReadAction","target":["http:\/\/www.primogenito.eu\/es\/premio-al-sabor-superior\/"]}]},{"@type":"BreadcrumbList","@id":"http:\/\/www.primogenito.eu\/es\/premio-al-sabor-superior\/#breadcrumb","itemListElement":[{"@type":"ListItem","position":1,"name":"Home","item":"http:\/\/www.primogenito.eu\/es\/"},{"@type":"ListItem","position":2,"name":"Premio al Sabor Superior"}]},{"@type":"WebSite","@id":"http:\/\/www.primogenito.eu\/#website","url":"http:\/\/www.primogenito.eu\/","name":"primogenito.eu","description":"","potentialAction":[{"@type":"SearchAction","target":{"@type":"EntryPoint","urlTemplate":"http:\/\/www.primogenito.eu\/?s={search_term_string}"},"query-input":"required name=search_term_string"}],"inLanguage":"es-ES"}]}},"_links":{"self":[{"href":"http:\/\/www.primogenito.eu\/es\/wp-json\/wp\/v2\/pages\/10897"}],"collection":[{"href":"http:\/\/www.primogenito.eu\/es\/wp-json\/wp\/v2\/pages"}],"about":[{"href":"http:\/\/www.primogenito.eu\/es\/wp-json\/wp\/v2\/types\/page"}],"author":[{"embeddable":true,"href":"http:\/\/www.primogenito.eu\/es\/wp-json\/wp\/v2\/users\/1"}],"replies":[{"embeddable":true,"href":"http:\/\/www.primogenito.eu\/es\/wp-json\/wp\/v2\/comments?post=10897"}],"version-history":[{"count":2,"href":"http:\/\/www.primogenito.eu\/es\/wp-json\/wp\/v2\/pages\/10897\/revisions"}],"predecessor-version":[{"id":10929,"href":"http:\/\/www.primogenito.eu\/es\/wp-json\/wp\/v2\/pages\/10897\/revisions\/10929"}],"wp:attachment":[{"href":"http:\/\/www.primogenito.eu\/es\/wp-json\/wp\/v2\/media?parent=10897"}],"curies":[{"name":"wp","href":"https:\/\/api.w.org\/{rel}","templated":true}]}}